{"id":15,"date":"2026-03-31T23:17:08","date_gmt":"2026-03-31T21:17:08","guid":{"rendered":"https:\/\/agape.info.pl\/?page_id=15"},"modified":"2026-04-12T07:36:06","modified_gmt":"2026-04-12T05:36:06","slug":"pomoc-zywnosciowa","status":"publish","type":"page","link":"https:\/\/agape.info.pl\/?page_id=15","title":{"rendered":"Pomoc \u017bywno\u015bciowa"},"content":{"rendered":"\n<figure class=\"wp-block-image size-full\"><img fetchpriority=\"high\" decoding=\"async\" width=\"756\" height=\"107\" src=\"https:\/\/agape.info.pl\/wp-content\/uploads\/2026\/04\/image.gif\" alt=\"\" class=\"wp-image-25\"\/><\/figure>\n\n\n\n<p>&nbsp;&nbsp;&nbsp; POMOC \u017bYWNO\u015aCIOWA FEP\u017b 2021-2027<\/p>\n\n\n\n<p>Informujemy , i\u017c rozpoczyna si\u0119 kolejny etap wsparcia&nbsp; \u017cywno\u015bciowego dla os\u00f3b potrzebuj\u0105cych &nbsp;w ramach Programu Fundusze Europejskie na Pomoc \u017bywno\u015bciow\u0105 2021-2027 wsp\u00f3\u0142finansowanego z Europejskiego Funduszu Spo\u0142ecznego \u2013 Podprogram 2025 realizowany jest&nbsp; od miesi\u0105ca&nbsp; lutego &nbsp;2026 .<\/p>\n\n\n\n<p>Podstaw\u0105 udzielenia pomocy jest skierowanie wydane przez OPL -osoby w kryzysie bezdomno\u015bci .<\/p>\n\n\n\n<p>Do otrzymania \u017cywno\u015bci z Programu uprawnione s\u0105 osoby spe\u0142niaj\u0105ce przes\u0142anki wskazane w art. 7 ustawy o pomocy spo\u0142ecznej , kt\u00f3ry stanowi , i\u017c&nbsp; z pomocy powinny korzysta\u0107 osoby znajduj\u0105ce si\u0119 w trudnej sytuacji&nbsp; m.in. z powodu bezrobocia, d\u0142ugotrwa\u0142ej choroby , niepe\u0142nosprawno\u015bci , wielodzietno\u015bci , alkoholizmu, przemocy w rodzinie , kt\u00f3rych doch\u00f3d nie przekracza 265 % odpowiedniego kryterium dochodowego uprawniaj\u0105cego do korzystania&nbsp; z pomocy spo\u0142ecznej tj. :<\/p>\n\n\n\n<ul class=\"wp-block-list\">\n<li>Dla osoby samotnej&nbsp; 2. 676,50 z\u0142<\/li>\n\n\n\n<li>Dla osoby w rodzinie 2.180,95 z\u0142<\/li>\n<\/ul>\n\n\n\n<p>Opr\u00f3cz pomocy \u017cywno\u015bciowej Banki \u017bywno\u015bci b\u0119d\u0105 realizowa\u0142y r\u00f3wnie\u017c dzia\u0142ania towarzysz\u0105ce , m.in. warsztaty edukacyjne z zakresu gospodarowania bud\u017cetem domowym , niemarnowania \u017cywno\u015bci jak r\u00f3wnie\u017c warsztaty kulinarne .<\/p>\n\n\n\n<p>Dodatkowe informacje uzyska\u0107 mo\u017cna w siedzibie Stowarzyszenia Na Rzecz Bezdomnych \u201eAGAPE\u201d w Borowym M\u0142ynie .<\/p>\n\n\n\n<div data-wp-interactive=\"core\/file\" class=\"wp-block-file\"><object data-wp-bind--hidden=\"!state.hasPdfPreview\" hidden class=\"wp-block-file__embed\" data=\"https:\/\/agape.info.pl\/wp-content\/uploads\/2026\/04\/Pomoc-Zywnosciowa.pdf\" type=\"application\/pdf\" style=\"width:100%;height:600px\" aria-label=\"Osadzone z Pomoc \u017bywno\u015bciowa.\"><\/object><a id=\"wp-block-file--media-d914ed1c-c45c-4729-9f34-1d2144a8d3ea\" href=\"https:\/\/agape.info.pl\/wp-content\/uploads\/2026\/04\/Pomoc-Zywnosciowa.pdf\">Pomoc \u017bywno\u015bciowa<\/a><a href=\"https:\/\/agape.info.pl\/wp-content\/uploads\/2026\/04\/Pomoc-Zywnosciowa.pdf\" class=\"wp-block-file__button wp-element-button\" download aria-describedby=\"wp-block-file--media-d914ed1c-c45c-4729-9f34-1d2144a8d3ea\">Pobierz<\/a><\/div>\n\n\n\n<div data-wp-interactive=\"core\/file\" class=\"wp-block-file\"><object data-wp-bind--hidden=\"!state.hasPdfPreview\" hidden class=\"wp-block-file__embed\" data=\"https:\/\/agape.info.pl\/wp-content\/uploads\/2026\/04\/Dka-kogo-jest-pomoc.pdf\" type=\"application\/pdf\" style=\"width:100%;height:600px\" aria-label=\"Osadzone z Dka kogo jest pomoc.\"><\/object><a id=\"wp-block-file--media-2118fb92-62f2-4a4e-8cd7-e76d53795848\" href=\"https:\/\/agape.info.pl\/wp-content\/uploads\/2026\/04\/Dka-kogo-jest-pomoc.pdf\">Dka kogo jest pomoc<\/a><a href=\"https:\/\/agape.info.pl\/wp-content\/uploads\/2026\/04\/Dka-kogo-jest-pomoc.pdf\" class=\"wp-block-file__button wp-element-button\" download aria-describedby=\"wp-block-file--media-2118fb92-62f2-4a4e-8cd7-e76d53795848\">Pobierz<\/a><\/div>\n\n\n\n<div data-wp-interactive=\"core\/file\" class=\"wp-block-file\"><object data-wp-bind--hidden=\"!state.hasPdfPreview\" hidden class=\"wp-block-file__embed\" data=\"https:\/\/agape.info.pl\/wp-content\/uploads\/2026\/04\/informacja-.pdf\" type=\"application\/pdf\" style=\"width:100%;height:600px\" aria-label=\"Osadzone z informacja.\"><\/object><a id=\"wp-block-file--media-a479f720-6fe3-42ee-8675-c36d7f0855bb\" href=\"https:\/\/agape.info.pl\/wp-content\/uploads\/2026\/04\/informacja-.pdf\">informacja<\/a><a href=\"https:\/\/agape.info.pl\/wp-content\/uploads\/2026\/04\/informacja-.pdf\" class=\"wp-block-file__button wp-element-button\" download aria-describedby=\"wp-block-file--media-a479f720-6fe3-42ee-8675-c36d7f0855bb\">Pobierz<\/a><\/div>\n","protected":false},"excerpt":{"rendered":"<p>&nbsp;&nbsp;&nbsp; POMOC \u017bYWNO\u015aCIOWA FEP\u017b 2021-2027 Informujemy , i\u017c rozpoczyna si\u0119 kolejny etap wsparcia&nbsp; \u017cywno\u015bciowego dla os\u00f3b potrzebuj\u0105cych &nbsp;w ramach Programu Fundusze Europejskie na Pomoc \u017bywno\u015bciow\u0105 2021-2027 wsp\u00f3\u0142finansowanego z Europejskiego Funduszu Spo\u0142ecznego \u2013 Podprogram 2025 realizowany jest&nbsp; od miesi\u0105ca&nbsp; lutego &nbsp;2026 . Podstaw\u0105 udzielenia pomocy jest skierowanie wydane przez OPL -osoby&#8230; <a class=\"continue-reading-link\" href=\"https:\/\/agape.info.pl\/?page_id=15\"> Continue reading <span class=\"meta-nav\">&rarr; <\/span><\/a><\/p>\n","protected":false},"author":1,"featured_media":0,"parent":0,"menu_order":0,"comment_status":"closed","ping_status":"closed","template":"","meta":{"footnotes":""},"class_list":["post-15","page","type-page","status-publish","hentry"],"yoast_head":"<!-- This site is optimized with the Yoast SEO plugin v27.4 - https:\/\/yoast.com\/product\/yoast-seo-wordpress\/ -->\n<title>Pomoc \u017bywno\u015bciowa -<\/title>\n<meta name=\"robots\" content=\"index, follow, max-snippet:-1, max-image-preview:large, max-video-preview:-1\" \/>\n<link rel=\"canonical\" href=\"https:\/\/agape.info.pl\/?page_id=15\" \/>\n<meta property=\"og:locale\" content=\"pl_PL\" \/>\n<meta property=\"og:type\" content=\"article\" \/>\n<meta property=\"og:title\" content=\"Pomoc \u017bywno\u015bciowa -\" \/>\n<meta property=\"og:description\" content=\"&nbsp;&nbsp;&nbsp; POMOC \u017bYWNO\u015aCIOWA FEP\u017b 2021-2027 Informujemy , i\u017c rozpoczyna si\u0119 kolejny etap wsparcia&nbsp; \u017cywno\u015bciowego dla os\u00f3b potrzebuj\u0105cych &nbsp;w ramach Programu Fundusze Europejskie na Pomoc \u017bywno\u015bciow\u0105 2021-2027 wsp\u00f3\u0142finansowanego z Europejskiego Funduszu Spo\u0142ecznego \u2013 Podprogram 2025 realizowany jest&nbsp; od miesi\u0105ca&nbsp; lutego &nbsp;2026 . Podstaw\u0105 udzielenia pomocy jest skierowanie wydane przez OPL -osoby... Continue reading &rarr;\" \/>\n<meta property=\"og:url\" content=\"https:\/\/agape.info.pl\/?page_id=15\" \/>\n<meta property=\"article:modified_time\" content=\"2026-04-12T05:36:06+00:00\" \/>\n<meta property=\"og:image\" content=\"https:\/\/agape.info.pl\/wp-content\/uploads\/2026\/04\/image.gif\" \/>\n\t<meta property=\"og:image:width\" content=\"756\" \/>\n\t<meta property=\"og:image:height\" content=\"107\" \/>\n\t<meta property=\"og:image:type\" content=\"image\/gif\" \/>\n<meta name=\"twitter:card\" content=\"summary_large_image\" \/>\n<meta name=\"twitter:label1\" content=\"Szacowany czas czytania\" \/>\n\t<meta name=\"twitter:data1\" content=\"2 minuty\" \/>\n<script type=\"application\/ld+json\" class=\"yoast-schema-graph\">{\"@context\":\"https:\\\/\\\/schema.org\",\"@graph\":[{\"@type\":\"WebPage\",\"@id\":\"https:\\\/\\\/agape.info.pl\\\/?page_id=15\",\"url\":\"https:\\\/\\\/agape.info.pl\\\/?page_id=15\",\"name\":\"Pomoc \u017bywno\u015bciowa -\",\"isPartOf\":{\"@id\":\"https:\\\/\\\/agape.info.pl\\\/#website\"},\"primaryImageOfPage\":{\"@id\":\"https:\\\/\\\/agape.info.pl\\\/?page_id=15#primaryimage\"},\"image\":{\"@id\":\"https:\\\/\\\/agape.info.pl\\\/?page_id=15#primaryimage\"},\"thumbnailUrl\":\"https:\\\/\\\/agape.info.pl\\\/wp-content\\\/uploads\\\/2026\\\/04\\\/image.gif\",\"datePublished\":\"2026-03-31T21:17:08+00:00\",\"dateModified\":\"2026-04-12T05:36:06+00:00\",\"breadcrumb\":{\"@id\":\"https:\\\/\\\/agape.info.pl\\\/?page_id=15#breadcrumb\"},\"inLanguage\":\"pl-PL\",\"potentialAction\":[{\"@type\":\"ReadAction\",\"target\":[\"https:\\\/\\\/agape.info.pl\\\/?page_id=15\"]}]},{\"@type\":\"ImageObject\",\"inLanguage\":\"pl-PL\",\"@id\":\"https:\\\/\\\/agape.info.pl\\\/?page_id=15#primaryimage\",\"url\":\"https:\\\/\\\/agape.info.pl\\\/wp-content\\\/uploads\\\/2026\\\/04\\\/image.gif\",\"contentUrl\":\"https:\\\/\\\/agape.info.pl\\\/wp-content\\\/uploads\\\/2026\\\/04\\\/image.gif\",\"width\":756,\"height\":107},{\"@type\":\"BreadcrumbList\",\"@id\":\"https:\\\/\\\/agape.info.pl\\\/?page_id=15#breadcrumb\",\"itemListElement\":[{\"@type\":\"ListItem\",\"position\":1,\"name\":\"Home\",\"item\":\"https:\\\/\\\/agape.info.pl\\\/\"},{\"@type\":\"ListItem\",\"position\":2,\"name\":\"Pomoc \u017bywno\u015bciowa\"}]},{\"@type\":\"WebSite\",\"@id\":\"https:\\\/\\\/agape.info.pl\\\/#website\",\"url\":\"https:\\\/\\\/agape.info.pl\\\/\",\"name\":\"\",\"description\":\"\",\"potentialAction\":[{\"@type\":\"SearchAction\",\"target\":{\"@type\":\"EntryPoint\",\"urlTemplate\":\"https:\\\/\\\/agape.info.pl\\\/?s={search_term_string}\"},\"query-input\":{\"@type\":\"PropertyValueSpecification\",\"valueRequired\":true,\"valueName\":\"search_term_string\"}}],\"inLanguage\":\"pl-PL\"}]}<\/script>\n<!-- \/ Yoast SEO plugin. -->","yoast_head_json":{"title":"Pomoc \u017bywno\u015bciowa -","robots":{"index":"index","follow":"follow","max-snippet":"max-snippet:-1","max-image-preview":"max-image-preview:large","max-video-preview":"max-video-preview:-1"},"canonical":"https:\/\/agape.info.pl\/?page_id=15","og_locale":"pl_PL","og_type":"article","og_title":"Pomoc \u017bywno\u015bciowa -","og_description":"&nbsp;&nbsp;&nbsp; POMOC \u017bYWNO\u015aCIOWA FEP\u017b 2021-2027 Informujemy , i\u017c rozpoczyna si\u0119 kolejny etap wsparcia&nbsp; \u017cywno\u015bciowego dla os\u00f3b potrzebuj\u0105cych &nbsp;w ramach Programu Fundusze Europejskie na Pomoc \u017bywno\u015bciow\u0105 2021-2027 wsp\u00f3\u0142finansowanego z Europejskiego Funduszu Spo\u0142ecznego \u2013 Podprogram 2025 realizowany jest&nbsp; od miesi\u0105ca&nbsp; lutego &nbsp;2026 . Podstaw\u0105 udzielenia pomocy jest skierowanie wydane przez OPL -osoby... Continue reading &rarr;","og_url":"https:\/\/agape.info.pl\/?page_id=15","article_modified_time":"2026-04-12T05:36:06+00:00","og_image":[{"width":756,"height":107,"url":"https:\/\/agape.info.pl\/wp-content\/uploads\/2026\/04\/image.gif","type":"image\/gif"}],"twitter_card":"summary_large_image","twitter_misc":{"Szacowany czas czytania":"2 minuty"},"schema":{"@context":"https:\/\/schema.org","@graph":[{"@type":"WebPage","@id":"https:\/\/agape.info.pl\/?page_id=15","url":"https:\/\/agape.info.pl\/?page_id=15","name":"Pomoc \u017bywno\u015bciowa -","isPartOf":{"@id":"https:\/\/agape.info.pl\/#website"},"primaryImageOfPage":{"@id":"https:\/\/agape.info.pl\/?page_id=15#primaryimage"},"image":{"@id":"https:\/\/agape.info.pl\/?page_id=15#primaryimage"},"thumbnailUrl":"https:\/\/agape.info.pl\/wp-content\/uploads\/2026\/04\/image.gif","datePublished":"2026-03-31T21:17:08+00:00","dateModified":"2026-04-12T05:36:06+00:00","breadcrumb":{"@id":"https:\/\/agape.info.pl\/?page_id=15#breadcrumb"},"inLanguage":"pl-PL","potentialAction":[{"@type":"ReadAction","target":["https:\/\/agape.info.pl\/?page_id=15"]}]},{"@type":"ImageObject","inLanguage":"pl-PL","@id":"https:\/\/agape.info.pl\/?page_id=15#primaryimage","url":"https:\/\/agape.info.pl\/wp-content\/uploads\/2026\/04\/image.gif","contentUrl":"https:\/\/agape.info.pl\/wp-content\/uploads\/2026\/04\/image.gif","width":756,"height":107},{"@type":"BreadcrumbList","@id":"https:\/\/agape.info.pl\/?page_id=15#breadcrumb","itemListElement":[{"@type":"ListItem","position":1,"name":"Home","item":"https:\/\/agape.info.pl\/"},{"@type":"ListItem","position":2,"name":"Pomoc \u017bywno\u015bciowa"}]},{"@type":"WebSite","@id":"https:\/\/agape.info.pl\/#website","url":"https:\/\/agape.info.pl\/","name":"","description":"","potentialAction":[{"@type":"SearchAction","target":{"@type":"EntryPoint","urlTemplate":"https:\/\/agape.info.pl\/?s={search_term_string}"},"query-input":{"@type":"PropertyValueSpecification","valueRequired":true,"valueName":"search_term_string"}}],"inLanguage":"pl-PL"}]}},"_links":{"self":[{"href":"https:\/\/agape.info.pl\/index.php?rest_route=\/wp\/v2\/pages\/15","targetHints":{"allow":["GET"]}}],"collection":[{"href":"https:\/\/agape.info.pl\/index.php?rest_route=\/wp\/v2\/pages"}],"about":[{"href":"https:\/\/agape.info.pl\/index.php?rest_route=\/wp\/v2\/types\/page"}],"author":[{"embeddable":true,"href":"https:\/\/agape.info.pl\/index.php?rest_route=\/wp\/v2\/users\/1"}],"replies":[{"embeddable":true,"href":"https:\/\/agape.info.pl\/index.php?rest_route=%2Fwp%2Fv2%2Fcomments&post=15"}],"version-history":[{"count":4,"href":"https:\/\/agape.info.pl\/index.php?rest_route=\/wp\/v2\/pages\/15\/revisions"}],"predecessor-version":[{"id":39,"href":"https:\/\/agape.info.pl\/index.php?rest_route=\/wp\/v2\/pages\/15\/revisions\/39"}],"wp:attachment":[{"href":"https:\/\/agape.info.pl\/index.php?rest_route=%2Fwp%2Fv2%2Fmedia&parent=15"}],"curies":[{"name":"wp","href":"https:\/\/api.w.org\/{rel}","templated":true}]}}